{"id":886,"date":"2023-08-18T22:44:32","date_gmt":"2023-08-18T20:44:32","guid":{"rendered":"https:\/\/cad3d.com.pl\/?page_id=886"},"modified":"2025-01-16T00:20:10","modified_gmt":"2025-01-15T23:20:10","slug":"animacje","status":"publish","type":"page","link":"https:\/\/cad3d.com.pl\/?page_id=886","title":{"rendered":"Animacje"},"content":{"rendered":"\n<div class=\"wp-block-cover alignfull is-light\" style=\"margin-top:0;margin-bottom:0;min-height:400px;aspect-ratio:unset;\"><span aria-hidden=\"true\" class=\"wp-block-cover__background has-background-dim-0 has-background-dim\"><\/span><video class=\"wp-block-cover__video-background intrinsic-ignore\" autoplay muted loop playsinline src=\"https:\/\/cad3d.com.pl\/wp-content\/uploads\/2023\/08\/Animacje_Baner_s.mp4\" data-object-fit=\"cover\"><\/video><div class=\"wp-block-cover__inner-container is-layout-constrained wp-container-core-cover-is-layout-be04af43 wp-block-cover-is-layout-constrained\">\n<p class=\"has-text-align-center has-large-font-size\"><\/p>\n<\/div><\/div>\n\n\n\n<div style=\"height:100px\" aria-hidden=\"true\" class=\"wp-block-spacer\"><\/div>\n\n\n\n<div class=\"wp-block-eds-animate-it-block eds-animate-block-save\"><div class=\"eds-animate animated edsanimate-sis-hidden  \" data-eds-entry-animation=\"fadeIn\" data-eds-entry-delay=\"1\" data-eds-entry-duration=\"2\" data-eds-entry-timing=\"linear\" data-eds-exit-animation=\"\" data-eds-exit-delay=\"0\" data-eds-exit-duration=\"0.5\" data-eds-exit-timing=\"linear\" data-eds-repeat-count=\"1\" data-eds-keep=\"yes\" data-eds-animate-on=\"load\" data-eds-scroll-offset=\"\">\n<p class=\"has-text-align-center has-large-font-size\">Fotorealistyczne animacje pozwalaj\u0105 skuteczniej prezentowa\u0107 produkty stanowi\u0105c przewag\u0119 w sprzeda\u017cy, poniewa\u017c pozwalaj\u0105 przyci\u0105gn\u0105\u0107 uwag\u0119 wi\u0119kszej ilo\u015bci klient\u00f3w m.in. w mediach spo\u0142eczno\u015bciowych, skutecznie wyr\u00f3\u017cni\u0107 si\u0119 na tle konkurencji i pom\u00f3c szybciej podj\u0105\u0107 decyzj\u0119 zakupow\u0105.<\/p>\n<\/div><\/div>\n\n\n\n<div class=\"wp-block-columns is-layout-flex wp-container-core-columns-is-layout-28f84493 wp-block-columns-is-layout-flex\">\n<div class=\"wp-block-column is-layout-flow wp-block-column-is-layout-flow\">\n<p><\/p>\n<\/div>\n<\/div>\n\n\n\n<div class=\"wp-block-cover alignfull is-light\" style=\"min-height:600px;aspect-ratio:unset;\"><span aria-hidden=\"true\" class=\"wp-block-cover__background has-background-dim-0 has-background-dim\"><\/span><video class=\"wp-block-cover__video-background intrinsic-ignore\" autoplay muted loop playsinline src=\"https:\/\/cad3d.com.pl\/wp-content\/uploads\/2023\/08\/Glut-baner.mp4\" style=\"object-position:84% 50%\" data-object-fit=\"cover\" data-object-position=\"84% 50%\"><\/video><div class=\"wp-block-cover__inner-container is-layout-constrained wp-block-cover-is-layout-constrained\">\n<div class=\"wp-block-columns is-layout-flex wp-container-core-columns-is-layout-28f84493 wp-block-columns-is-layout-flex\">\n<div class=\"wp-block-column has-palette-color-6-color has-text-color is-layout-flow wp-block-column-is-layout-flow\">\n<p class=\"has-large-font-size\">Animacja Abstrakcyjna<\/p>\n\n\n\n<p>Aby przyci\u0105gn\u0105\u0107 uwag\u0119 mo\u017cliwe jest stworzenie i pokazanie animacji dowolnie fantazyjnego kszta\u0142tu.<\/p>\n<\/div>\n\n\n\n<div class=\"wp-block-column is-layout-flow wp-block-column-is-layout-flow\"><\/div>\n<\/div>\n<\/div><\/div>\n\n\n\n<div class=\"wp-block-cover is-light wp-duotone-grayscale\" style=\"padding-top:0;padding-right:0;padding-bottom:0;padding-left:0;min-height:459px;aspect-ratio:unset;\" id=\"wizualizacje-360\"><span aria-hidden=\"true\" class=\"wp-block-cover__background has-palette-color-8-background-color has-background-dim-30 has-background-dim\"><\/span><img loading=\"lazy\" decoding=\"async\" width=\"1200\" height=\"800\" class=\"wp-block-cover__image-background wp-image-72\" alt=\"\" src=\"https:\/\/cad3d.com.pl\/wp-content\/uploads\/2023\/01\/biale-tlo.png\" data-object-fit=\"cover\" srcset=\"https:\/\/cad3d.com.pl\/wp-content\/uploads\/2023\/01\/biale-tlo.png 1200w, https:\/\/cad3d.com.pl\/wp-content\/uploads\/2023\/01\/biale-tlo-300x200.png 300w, https:\/\/cad3d.com.pl\/wp-content\/uploads\/2023\/01\/biale-tlo-1024x683.png 1024w, https:\/\/cad3d.com.pl\/wp-content\/uploads\/2023\/01\/biale-tlo-768x512.png 768w\" sizes=\"auto, (max-width: 1200px) 100vw, 1200px\" \/><div class=\"wp-block-cover__inner-container is-layout-flow wp-block-cover-is-layout-flow\">\n<div class=\"wp-block-columns is-layout-flex wp-container-core-columns-is-layout-d7d455e7 wp-block-columns-is-layout-flex\" style=\"padding-top:0;padding-right:0;padding-bottom:0;padding-left:0\">\n<div class=\"wp-block-column is-layout-flow wp-block-column-is-layout-flow\" style=\"flex-basis:33.33%\">\n<p class=\"has-text-align-left has-large-font-size\">Animacja produktu<\/p>\n\n\n\n<p>Umo\u017cliwia zaprezentowanie produktu z wszystkich stron, obraca\u0107 nim, roz\u0142o\u017cy\u0107 na elementy sk\u0142adowe lub zastosowa\u0107 dodatkowy ruch, kt\u00f3ry dynamicznie poka\u017ce dany produkt.<\/p>\n<\/div>\n\n\n\n<div class=\"wp-block-column is-vertically-aligned-top is-content-justification-right is-layout-constrained wp-container-core-column-is-layout-aba25ce0 wp-block-column-is-layout-constrained\" style=\"border-style:none;border-width:0px;flex-basis:60%\">\n<figure class=\"wp-block-video\"><video height=\"1080\" style=\"aspect-ratio: 1920 \/ 1080;\" width=\"1920\" autoplay controls loop src=\"https:\/\/cad3d.com.pl\/wp-content\/uploads\/2025\/01\/promien.mp4\"><\/video><\/figure>\n<\/div>\n<\/div>\n<\/div><\/div>\n\n\n\n<div class=\"wp-block-cover is-light has-white-color has-text-color wp-duotone-unset-1\" style=\"padding-top:0;padding-right:0;padding-bottom:0;padding-left:0;min-height:459px;aspect-ratio:unset;\" id=\"wizualizacje-360\"><span aria-hidden=\"true\" class=\"wp-block-cover__background has-palette-color-8-background-color has-background-dim-0 has-background-dim\"><\/span><img loading=\"lazy\" decoding=\"async\" width=\"1200\" height=\"800\" class=\"wp-block-cover__image-background wp-image-72\" alt=\"\" src=\"https:\/\/cad3d.com.pl\/wp-content\/uploads\/2023\/01\/biale-tlo.png\" data-object-fit=\"cover\" srcset=\"https:\/\/cad3d.com.pl\/wp-content\/uploads\/2023\/01\/biale-tlo.png 1200w, https:\/\/cad3d.com.pl\/wp-content\/uploads\/2023\/01\/biale-tlo-300x200.png 300w, https:\/\/cad3d.com.pl\/wp-content\/uploads\/2023\/01\/biale-tlo-1024x683.png 1024w, https:\/\/cad3d.com.pl\/wp-content\/uploads\/2023\/01\/biale-tlo-768x512.png 768w\" sizes=\"auto, (max-width: 1200px) 100vw, 1200px\" \/><div class=\"wp-block-cover__inner-container is-layout-flow wp-block-cover-is-layout-flow\">\n<div class=\"wp-block-columns alignwide is-layout-flex wp-container-core-columns-is-layout-d7d455e7 wp-block-columns-is-layout-flex\" style=\"padding-top:0;padding-right:0;padding-bottom:0;padding-left:0\">\n<div class=\"wp-block-column is-layout-flow wp-block-column-is-layout-flow\" style=\"flex-basis:33.33%\">\n<p class=\"has-text-align-left has-black-color has-text-color has-link-color has-large-font-size wp-elements-f08b02687cd32793716a77a94aeda18b\">Animacja reklamowa<\/p>\n\n\n\n<p class=\"has-black-color has-text-color has-link-color wp-elements-cc8ecb102e72d956a81476aeca14ccef\">Dzi\u0119ki animacji reklamowej mo\u017cna w atrakcyjny spos\u00f3b pokaza\u0107 produkt, dzi\u0119ki czemu wzro\u015bnie zainteresowanie produktem.<\/p>\n<\/div>\n\n\n\n<div class=\"wp-block-column is-vertically-aligned-top is-content-justification-right is-layout-constrained wp-container-core-column-is-layout-aba25ce0 wp-block-column-is-layout-constrained\" style=\"border-style:none;border-width:0px;flex-basis:60%\">\n<figure class=\"wp-block-video\"><video height=\"476\" style=\"aspect-ratio: 804 \/ 476;\" width=\"804\" autoplay controls loop src=\"https:\/\/cad3d.com.pl\/wp-content\/uploads\/2023\/01\/ONYX-animacja.mp4\" playsinline><\/video><\/figure>\n<\/div>\n<\/div>\n<\/div><\/div>\n\n\n\n<div class=\"wp-block-cover is-light wp-duotone-unset-2\" style=\"padding-top:0;padding-right:0;padding-bottom:0;padding-left:0;min-height:459px;aspect-ratio:unset;\" id=\"wizualizacje-360\"><span aria-hidden=\"true\" class=\"wp-block-cover__background has-palette-color-8-background-color has-background-dim-0 has-background-dim\"><\/span><img loading=\"lazy\" decoding=\"async\" width=\"1200\" height=\"800\" class=\"wp-block-cover__image-background wp-image-72\" alt=\"\" src=\"https:\/\/cad3d.com.pl\/wp-content\/uploads\/2023\/01\/biale-tlo.png\" data-object-fit=\"cover\" srcset=\"https:\/\/cad3d.com.pl\/wp-content\/uploads\/2023\/01\/biale-tlo.png 1200w, https:\/\/cad3d.com.pl\/wp-content\/uploads\/2023\/01\/biale-tlo-300x200.png 300w, https:\/\/cad3d.com.pl\/wp-content\/uploads\/2023\/01\/biale-tlo-1024x683.png 1024w, https:\/\/cad3d.com.pl\/wp-content\/uploads\/2023\/01\/biale-tlo-768x512.png 768w\" sizes=\"auto, (max-width: 1200px) 100vw, 1200px\" \/><div class=\"wp-block-cover__inner-container is-layout-flow wp-block-cover-is-layout-flow\">\n<div class=\"wp-block-columns is-layout-flex wp-container-core-columns-is-layout-d7d455e7 wp-block-columns-is-layout-flex\" style=\"padding-top:0;padding-right:0;padding-bottom:0;padding-left:0\">\n<div class=\"wp-block-column is-layout-flow wp-block-column-is-layout-flow\" style=\"flex-basis:33.33%\">\n<p class=\"has-text-align-left has-large-font-size\">Animacja dynamiczna<\/p>\n\n\n\n<p>Wprowadza dynamik\u0119 do produkt\u00f3w, mo\u017cemy symulowa\u0107 p\u0142yny, ogie\u0144 lub dym aby przedstawi\u0107 element podczas pracy.<\/p>\n<\/div>\n\n\n\n<div class=\"wp-block-column is-vertically-aligned-top is-content-justification-right is-layout-constrained wp-container-core-column-is-layout-aba25ce0 wp-block-column-is-layout-constrained\" style=\"border-style:none;border-width:0px;flex-basis:60%\">\n<figure class=\"wp-block-video\"><video height=\"536\" style=\"aspect-ratio: 550 \/ 536;\" width=\"550\" autoplay controls loop src=\"https:\/\/cad3d.com.pl\/wp-content\/uploads\/2023\/12\/kran_woda.mp4\" playsinline><\/video><\/figure>\n<\/div>\n<\/div>\n<\/div><\/div>\n\n\n\n<div class=\"wp-block-cover is-light\" style=\"padding-top:0;padding-right:0;padding-bottom:0;padding-left:0;min-height:459px;aspect-ratio:unset;\" id=\"wizualizacje-360\"><span aria-hidden=\"true\" class=\"wp-block-cover__background has-palette-color-8-background-color has-background-dim-0 has-background-dim\"><\/span><img loading=\"lazy\" decoding=\"async\" width=\"1200\" height=\"800\" class=\"wp-block-cover__image-background wp-image-72\" alt=\"\" src=\"https:\/\/cad3d.com.pl\/wp-content\/uploads\/2023\/01\/biale-tlo.png\" data-object-fit=\"cover\" srcset=\"https:\/\/cad3d.com.pl\/wp-content\/uploads\/2023\/01\/biale-tlo.png 1200w, https:\/\/cad3d.com.pl\/wp-content\/uploads\/2023\/01\/biale-tlo-300x200.png 300w, https:\/\/cad3d.com.pl\/wp-content\/uploads\/2023\/01\/biale-tlo-1024x683.png 1024w, https:\/\/cad3d.com.pl\/wp-content\/uploads\/2023\/01\/biale-tlo-768x512.png 768w\" sizes=\"auto, (max-width: 1200px) 100vw, 1200px\" \/><div class=\"wp-block-cover__inner-container is-layout-flow wp-block-cover-is-layout-flow\">\n<div class=\"wp-block-columns is-layout-flex wp-container-core-columns-is-layout-d7d455e7 wp-block-columns-is-layout-flex\" style=\"padding-top:0;padding-right:0;padding-bottom:0;padding-left:0\">\n<div class=\"wp-block-column is-layout-flow wp-block-column-is-layout-flow\" style=\"flex-basis:33.33%\">\n<p class=\"has-text-align-left has-large-font-size\">Animacja mechaniczna<\/p>\n\n\n\n<p>Ma za zadanie pokaza\u0107 szczeg\u00f3\u0142owe dzia\u0142anie mechanizmu, zwykle maj\u0105 form\u0119 uproszczon\u0105 bez tekstur, aby \u0142atwiej mo\u017cna by\u0142o zaobserwowa\u0107 zachowanie mechanizmu.<\/p>\n<\/div>\n\n\n\n<div class=\"wp-block-column is-vertically-aligned-top is-content-justification-right is-layout-constrained wp-container-core-column-is-layout-aba25ce0 wp-block-column-is-layout-constrained\" style=\"border-style:none;border-width:0px;flex-basis:60%\">\n<figure class=\"wp-block-video\"><video height=\"1020\" style=\"aspect-ratio: 1276 \/ 1020;\" width=\"1276\" autoplay controls loop src=\"https:\/\/cad3d.com.pl\/wp-content\/uploads\/2025\/01\/podnosnik.mp4\" playsinline><\/video><\/figure>\n<\/div>\n<\/div>\n<\/div><\/div>\n\n\n\n<div class=\"wp-block-cover is-light wp-duotone-unset-3\" style=\"padding-top:0;padding-right:0;padding-bottom:0;padding-left:0;min-height:459px;aspect-ratio:unset;\" id=\"wizualizacje-360\"><span aria-hidden=\"true\" class=\"wp-block-cover__background has-palette-color-8-background-color has-background-dim-0 has-background-dim\"><\/span><img loading=\"lazy\" decoding=\"async\" width=\"1200\" height=\"800\" class=\"wp-block-cover__image-background wp-image-72\" alt=\"\" src=\"https:\/\/cad3d.com.pl\/wp-content\/uploads\/2023\/01\/biale-tlo.png\" data-object-fit=\"cover\" srcset=\"https:\/\/cad3d.com.pl\/wp-content\/uploads\/2023\/01\/biale-tlo.png 1200w, https:\/\/cad3d.com.pl\/wp-content\/uploads\/2023\/01\/biale-tlo-300x200.png 300w, https:\/\/cad3d.com.pl\/wp-content\/uploads\/2023\/01\/biale-tlo-1024x683.png 1024w, https:\/\/cad3d.com.pl\/wp-content\/uploads\/2023\/01\/biale-tlo-768x512.png 768w\" sizes=\"auto, (max-width: 1200px) 100vw, 1200px\" \/><div class=\"wp-block-cover__inner-container is-layout-flow wp-block-cover-is-layout-flow\">\n<div class=\"wp-block-columns is-layout-flex wp-container-core-columns-is-layout-d7d455e7 wp-block-columns-is-layout-flex\" style=\"padding-top:0;padding-right:0;padding-bottom:0;padding-left:0\">\n<div class=\"wp-block-column is-layout-flow wp-block-column-is-layout-flow\" style=\"flex-basis:33.33%\">\n<p class=\"has-text-align-left has-large-font-size\">Animacja fizyki<\/p>\n\n\n\n<p>Wprowadzenie dynamiki poprzez odwzorowania rzeczywistego zachowania materia\u0142\u00f3w. Elementy poruszaj\u0105 si\u0119 i odkszta\u0142caj\u0105 jak w rzeczywisto\u015bci.<\/p>\n<\/div>\n\n\n\n<div class=\"wp-block-column is-vertically-aligned-top is-content-justification-right is-layout-constrained wp-container-core-column-is-layout-aba25ce0 wp-block-column-is-layout-constrained\" style=\"border-style:none;border-width:0px;flex-basis:60%\">\n<figure class=\"wp-block-video\"><video height=\"1040\" style=\"aspect-ratio: 1272 \/ 1040;\" width=\"1272\" autoplay controls loop src=\"https:\/\/cad3d.com.pl\/wp-content\/uploads\/2023\/11\/animacja-cloth.mp4\" playsinline><\/video><\/figure>\n<\/div>\n<\/div>\n<\/div><\/div>\n\n\n\n<h2 class=\"wp-block-heading alignfull has-text-align-center has-palette-color-6-background-color has-background\">Chcesz poruszy\u0107 swoje produkty i zachwyci\u0107 klient\u00f3w? <\/h2>\n\n\n\n<div class=\"wp-block-columns is-layout-flex wp-container-core-columns-is-layout-28f84493 wp-block-columns-is-layout-flex\">\n<div class=\"wp-block-column is-layout-flow wp-block-column-is-layout-flow\" style=\"flex-basis:100%\"><\/div>\n<\/div>\n\n\n\n<p><\/p>\n\n\n\n<div class=\"wp-block-cover alignfull has-parallax\"><span aria-hidden=\"true\" class=\"wp-block-cover__background has-palette-color-6-background-color has-background-dim\"><\/span><div class=\"wp-block-cover__image-background wp-image-166 has-parallax\" style=\"background-position:50% 50%;background-image:url(https:\/\/cad3d.com.pl\/wp-content\/uploads\/2023\/01\/universe.jpg)\"><\/div><div class=\"wp-block-cover__inner-container is-layout-flow wp-block-cover-is-layout-flow\">\n<div class=\"wp-block-buttons is-layout-flex wp-block-buttons-is-layout-flex\">\n<div class=\"wp-block-button has-custom-font-size aligncenter is-style-fill has-medium-font-size\"><a class=\"wp-block-button__link wp-element-button\" href=\"https:\/\/cad3d.com.pl\/?page_id=20\" style=\"border-radius:13px;padding-top:var(--wp--preset--spacing--30);padding-right:var(--wp--preset--spacing--30);padding-bottom:var(--wp--preset--spacing--30);padding-left:var(--wp--preset--spacing--30)\"><strong>Skontaktuj si\u0119 z nami<\/strong><\/a><\/div>\n<\/div>\n\n\n\n<div class=\"wp-block-columns is-layout-flex wp-container-core-columns-is-layout-28f84493 wp-block-columns-is-layout-flex\">\n<div class=\"wp-block-column is-layout-flow wp-block-column-is-layout-flow\">\n<p class=\"has-text-align-center has-palette-color-1-color has-text-color has-large-font-size\">+48 784-102-675<\/p>\n<\/div>\n\n\n\n<div class=\"wp-block-column is-layout-flow wp-block-column-is-layout-flow\">\n<p class=\"has-text-align-center has-palette-color-1-color has-text-color has-large-font-size\"><a href=\"mailto:info@cad3d.com.pl\">info@cad3d.com.pl<\/a><\/p>\n<\/div>\n<\/div>\n<\/div><\/div>\n","protected":false},"excerpt":{"rendered":"<p>Chcesz poruszy\u0107 swoje produkty i zachwyci\u0107 klient\u00f3w?<\/p>\n","protected":false},"author":1,"featured_media":0,"parent":0,"menu_order":0,"comment_status":"closed","ping_status":"closed","template":"","meta":{"ngg_post_thumbnail":0,"footnotes":""},"class_list":["post-886","page","type-page","status-publish","hentry"],"blocksy_meta":[],"featured_image_urls":{"full":"","thumbnail":"","medium":"","medium_large":"","large":"","1536x1536":"","2048x2048":""},"post_excerpt_stackable":"<p>Fotorealistyczne animacje pozwalaj\u0105 skuteczniej prezentowa\u0107 produkty stanowi\u0105c przewag\u0119 w sprzeda\u017cy, poniewa\u017c pozwalaj\u0105 przyci\u0105gn\u0105\u0107 uwag\u0119 wi\u0119kszej ilo\u015bci klient\u00f3w m.in. w mediach spo\u0142eczno\u015bciowych, skutecznie wyr\u00f3\u017cni\u0107 si\u0119 na tle konkurencji i pom\u00f3c szybciej podj\u0105\u0107 decyzj\u0119 zakupow\u0105. Animacja Abstrakcyjna Aby przyci\u0105gn\u0105\u0107 uwag\u0119 mo\u017cliwe jest stworzenie i pokazanie animacji dowolnie fantazyjnego kszta\u0142tu. Animacja produktu Umo\u017cliwia zaprezentowanie produktu z wszystkich stron, obraca\u0107 nim, roz\u0142o\u017cy\u0107 na elementy sk\u0142adowe lub zastosowa\u0107 dodatkowy ruch, kt\u00f3ry dynamicznie poka\u017ce dany produkt. Animacja reklamowa Dzi\u0119ki animacji reklamowej mo\u017cna w atrakcyjny spos\u00f3b pokaza\u0107 produkt, dzi\u0119ki czemu wzro\u015bnie zainteresowanie produktem. Animacja dynamiczna Wprowadza dynamik\u0119 do produkt\u00f3w, mo\u017cemy symulowa\u0107 p\u0142yny, ogie\u0144 lub dym aby przedstawi\u0107&hellip;<\/p>\n","category_list":"","author_info":{"name":"CAD3D","url":"https:\/\/cad3d.com.pl\/?author=1"},"comments_num":"0 comments","_links":{"self":[{"href":"https:\/\/cad3d.com.pl\/index.php?rest_route=\/wp\/v2\/pages\/886","targetHints":{"allow":["GET"]}}],"collection":[{"href":"https:\/\/cad3d.com.pl\/index.php?rest_route=\/wp\/v2\/pages"}],"about":[{"href":"https:\/\/cad3d.com.pl\/index.php?rest_route=\/wp\/v2\/types\/page"}],"author":[{"embeddable":true,"href":"https:\/\/cad3d.com.pl\/index.php?rest_route=\/wp\/v2\/users\/1"}],"replies":[{"embeddable":true,"href":"https:\/\/cad3d.com.pl\/index.php?rest_route=%2Fwp%2Fv2%2Fcomments&post=886"}],"version-history":[{"count":52,"href":"https:\/\/cad3d.com.pl\/index.php?rest_route=\/wp\/v2\/pages\/886\/revisions"}],"predecessor-version":[{"id":1267,"href":"https:\/\/cad3d.com.pl\/index.php?rest_route=\/wp\/v2\/pages\/886\/revisions\/1267"}],"wp:attachment":[{"href":"https:\/\/cad3d.com.pl\/index.php?rest_route=%2Fwp%2Fv2%2Fmedia&parent=886"}],"curies":[{"name":"wp","href":"https:\/\/api.w.org\/{rel}","templated":true}]}}