{"id":20,"date":"2022-12-30T14:19:44","date_gmt":"2022-12-30T13:19:44","guid":{"rendered":"http:\/\/cad3d.com.pl\/?page_id=20"},"modified":"2023-08-18T22:27:29","modified_gmt":"2023-08-18T20:27:29","slug":"kontakt","status":"publish","type":"page","link":"https:\/\/cad3d.com.pl\/?page_id=20","title":{"rendered":"Kontakt"},"content":{"rendered":"\n<div class=\"wp-block-cover alignfull is-light has-parallax\"><span aria-hidden=\"true\" class=\"wp-block-cover__background has-background-dim\"><\/span><div role=\"img\" class=\"wp-block-cover__image-background wp-image-643 has-parallax\" style=\"background-position:50% 50%;background-image:url(https:\/\/cad3d.com.pl\/wp-content\/uploads\/2023\/02\/Kontakt-scaled.jpeg)\"><\/div><div class=\"wp-block-cover__inner-container is-layout-flow wp-block-cover-is-layout-flow\">\n<p class=\"has-text-align-center has-palette-color-8-color has-text-color has-x-large-font-size\">KONTAKT<\/p>\n<\/div><\/div>\n\n\n\n<div style=\"height:100px\" aria-hidden=\"true\" class=\"wp-block-spacer\"><\/div>\n\n\n\n<div class=\"wp-block-columns is-layout-flex wp-container-core-columns-is-layout-28f84493 wp-block-columns-is-layout-flex\">\n<div class=\"wp-block-column is-layout-flow wp-block-column-is-layout-flow\">\n<h2 class=\"wp-block-heading\">Kontakt<\/h2>\n\n\n\n<p>Je\u017celi zainteresowa\u0142a Ci\u0119 nasza oferta, zapraszamy do kontaktu. <\/p>\n\n\n\n<p>Jeste\u015bmy cz\u0119\u015bci\u0105 <a href=\"https:\/\/www.jmpro.pl\/\">JM PRO SP Z O.O<\/a>. wi\u0119c zach\u0119camy tak\u017ce do odwiedzenia naszej strony i przekonanie si\u0119 czym jeszcze mo\u017cemy Ci\u0119 zainteresowa\u0107.<\/p>\n<\/div>\n\n\n\n<div class=\"wp-block-column is-layout-flow wp-block-column-is-layout-flow\">\n<figure class=\"wp-block-image aligncenter size-full\"><img loading=\"lazy\" decoding=\"async\" width=\"120\" height=\"139\" src=\"https:\/\/cad3d.com.pl\/wp-content\/uploads\/2023\/01\/logo120.png\" alt=\"\" class=\"wp-image-42\"\/><\/figure>\n\n\n\n<p class=\"has-text-align-center\">3D: modele | wizualizacje | animacje<\/p>\n<\/div>\n<\/div>\n\n\n\n<div style=\"height:100px\" aria-hidden=\"true\" class=\"wp-block-spacer\"><\/div>\n\n\n\n<div class=\"wp-block-cover alignfull is-light has-parallax\"><span aria-hidden=\"true\" class=\"wp-block-cover__background has-palette-color-6-background-color has-background-dim\"><\/span><div role=\"img\" class=\"wp-block-cover__image-background wp-image-643 has-parallax\" style=\"background-position:50% 50%;background-image:url(https:\/\/cad3d.com.pl\/wp-content\/uploads\/2023\/02\/Kontakt-scaled.jpeg)\"><\/div><div class=\"wp-block-cover__inner-container is-layout-flow wp-block-cover-is-layout-flow\">\n<p class=\"has-text-align-center has-palette-color-4-color has-text-color has-large-font-size\"><strong>Skontaktuj si\u0119 z nami<\/strong><\/p>\n\n\n\n<div class=\"wp-block-columns is-layout-flex wp-container-core-columns-is-layout-28f84493 wp-block-columns-is-layout-flex\">\n<div class=\"wp-block-column is-layout-flow wp-block-column-is-layout-flow\">\n<p class=\"has-text-align-center has-palette-color-1-color has-text-color has-large-font-size\">+48 784-102-675<\/p>\n<\/div>\n\n\n\n<div class=\"wp-block-column is-layout-flow wp-block-column-is-layout-flow\">\n<p class=\"has-text-align-center has-palette-color-1-color has-text-color has-large-font-size\"><a href=\"mailto:info@cad3d.com.pl\">info@cad3d.com.pl<\/a><\/p>\n<\/div>\n<\/div>\n<\/div><\/div>\n","protected":false},"excerpt":{"rendered":"<p>Kontakt Je\u017celi zainteresowa\u0142a Ci\u0119 nasza oferta, zapraszamy do kontaktu. Jeste\u015bmy cz\u0119\u015bci\u0105 JM PRO SP Z O.O. wi\u0119c zach\u0119camy tak\u017ce do odwiedzenia naszej strony i przekonanie si\u0119 czym jeszcze mo\u017cemy Ci\u0119 zainteresowa\u0107. 3D: modele | wizualizacje | animacje<\/p>\n","protected":false},"author":1,"featured_media":0,"parent":0,"menu_order":0,"comment_status":"closed","ping_status":"closed","template":"","meta":{"ngg_post_thumbnail":0,"footnotes":""},"class_list":["post-20","page","type-page","status-publish","hentry"],"blocksy_meta":{"styles_descriptor":{"styles":{"desktop":"","tablet":"","mobile":""},"google_fonts":[],"version":6}},"featured_image_urls":{"full":"","thumbnail":"","medium":"","medium_large":"","large":"","1536x1536":"","2048x2048":""},"post_excerpt_stackable":"<p>KONTAKT Kontakt Je\u017celi zainteresowa\u0142a Ci\u0119 nasza oferta, zapraszamy do kontaktu. Jeste\u015bmy cz\u0119\u015bci\u0105 JM PRO SP Z O.O. wi\u0119c zach\u0119camy tak\u017ce do odwiedzenia naszej strony i przekonanie si\u0119 czym jeszcze mo\u017cemy Ci\u0119 zainteresowa\u0107. 3D: modele | wizualizacje | animacje Skontaktuj si\u0119 z nami +48 784-102-675 info@cad3d.com.pl<\/p>\n","category_list":"","author_info":{"name":"CAD3D","url":"https:\/\/cad3d.com.pl\/?author=1"},"comments_num":"0 comments","_links":{"self":[{"href":"https:\/\/cad3d.com.pl\/index.php?rest_route=\/wp\/v2\/pages\/20","targetHints":{"allow":["GET"]}}],"collection":[{"href":"https:\/\/cad3d.com.pl\/index.php?rest_route=\/wp\/v2\/pages"}],"about":[{"href":"https:\/\/cad3d.com.pl\/index.php?rest_route=\/wp\/v2\/types\/page"}],"author":[{"embeddable":true,"href":"https:\/\/cad3d.com.pl\/index.php?rest_route=\/wp\/v2\/users\/1"}],"replies":[{"embeddable":true,"href":"https:\/\/cad3d.com.pl\/index.php?rest_route=%2Fwp%2Fv2%2Fcomments&post=20"}],"version-history":[{"count":15,"href":"https:\/\/cad3d.com.pl\/index.php?rest_route=\/wp\/v2\/pages\/20\/revisions"}],"predecessor-version":[{"id":888,"href":"https:\/\/cad3d.com.pl\/index.php?rest_route=\/wp\/v2\/pages\/20\/revisions\/888"}],"wp:attachment":[{"href":"https:\/\/cad3d.com.pl\/index.php?rest_route=%2Fwp%2Fv2%2Fmedia&parent=20"}],"curies":[{"name":"wp","href":"https:\/\/api.w.org\/{rel}","templated":true}]}}